{"id":23,"date":"2021-07-11T09:52:40","date_gmt":"2021-07-11T09:52:40","guid":{"rendered":"https:\/\/www.ostoja-ostoja.pl\/?page_id=23"},"modified":"2022-05-25T20:00:00","modified_gmt":"2022-05-25T20:00:00","slug":"ostoja","status":"publish","type":"page","link":"https:\/\/www.ostoja-ostoja.pl\/","title":{"rendered":"OSTOJA"},"content":{"rendered":"\t\t<div data-elementor-type=\"wp-post\" data-elementor-id=\"23\" class=\"elementor elementor-23\" data-elementor-settings=\"[]\">\n\t\t\t\t\t\t\t<div class=\"elementor-section-wrap\">\n\t\t\t\t\t\t\t<section class=\"elementor-section elementor-top-section elementor-element elementor-element-9ce49ac elementor-section-boxed elementor-section-height-default elementor-section-height-default\" data-id=\"9ce49ac\" data-element_type=\"section\">\n\t\t\t\t\t\t<div class=\"elementor-container elementor-column-gap-default\">\n\t\t\t\t\t<div class=\"elementor-column elementor-col-100 elementor-top-column elementor-element elementor-element-5d45021\" data-id=\"5d45021\" data-element_type=\"column\">\n\t\t\t<div class=\"elementor-widget-wrap elementor-element-populated\">\n\t\t\t\t\t\t\t\t<div class=\"elementor-element elementor-element-21f3afc elementor-position-top elementor-vertical-align-top elementor-invisible elementor-widget elementor-widget-image-box\" data-id=\"21f3afc\" data-element_type=\"widget\" data-settings=\"{&quot;_animation&quot;:&quot;zoomIn&quot;}\" data-widget_type=\"image-box.default\">\n\t\t\t\t<div class=\"elementor-widget-container\">\n\t\t\t<div class=\"elementor-image-box-wrapper\"><figure class=\"elementor-image-box-img\"><img loading=\"lazy\" decoding=\"async\" width=\"1007\" height=\"764\" src=\"https:\/\/www.ostoja-ostoja.pl\/wp-content\/uploads\/2021\/07\/cropped-IMG_20210711_113606-2.png\" class=\"attachment-full size-full\" alt=\"\" \/><\/figure><div class=\"elementor-image-box-content\"><h3 class=\"elementor-image-box-title\">DBAMY O TWOJE OTOCZENIE<\/h3><\/div><\/div>\t\t<\/div>\n\t\t\t\t<\/div>\n\t\t\t\t\t<\/div>\n\t\t<\/div>\n\t\t\t\t\t\t\t<\/div>\n\t\t<\/section>\n\t\t\t\t<section class=\"elementor-section elementor-top-section elementor-element elementor-element-e76371b elementor-section-boxed elementor-section-height-default elementor-section-height-default\" data-id=\"e76371b\" data-element_type=\"section\">\n\t\t\t\t\t\t<div class=\"elementor-container elementor-column-gap-default\">\n\t\t\t\t\t<div class=\"elementor-column elementor-col-100 elementor-top-column elementor-element elementor-element-02659a1\" data-id=\"02659a1\" data-element_type=\"column\">\n\t\t\t<div class=\"elementor-widget-wrap elementor-element-populated\">\n\t\t\t\t\t\t\t\t<div class=\"elementor-element elementor-element-ec17081 elementor-invisible elementor-widget elementor-widget-text-editor\" data-id=\"ec17081\" data-element_type=\"widget\" data-settings=\"{&quot;_animation&quot;:&quot;rollIn&quot;}\" data-widget_type=\"text-editor.default\">\n\t\t\t\t<div class=\"elementor-widget-container\">\n\t\t\t\t\t\t\t<h6><span style=\"font-size: 12.0pt; line-height: 107%; font-family: 'Times New Roman',serif; mso-fareast-font-family: 'Times New Roman'; color: #242424; mso-ansi-language: PL; mso-fareast-language: PL; mso-bidi-language: AR-SA;\">\u00a0 \u00a0<\/span><\/h6><h6><span style=\"font-size: 12.0pt; line-height: 107%; font-family: 'Times New Roman',serif; mso-fareast-font-family: 'Times New Roman'; color: #242424; mso-ansi-language: PL; mso-fareast-language: PL; mso-bidi-language: AR-SA;\">\u00a0 \u00a0 \u00a0 Firma Ostoja to profesjonalna firma z wieloletnim do\u015bwiadczeniem zajmuj\u0105ca si\u0119 kompleksowym utrzymaniem porz\u0105dku na osiedlach oraz wsp\u00f3lnotach mieszkaniowych, zar\u00f3wno wewn\u0105trz\u00a0 jak i na zewn\u0105trz budynku.<\/span><\/h6><h6><strong><span style=\"font-size: 12.0pt; line-height: 107%; font-family: 'Times New Roman',serif; mso-fareast-font-family: 'Times New Roman'; color: #242424; mso-ansi-language: PL; mso-fareast-language: PL; mso-bidi-language: AR-SA;\"><span style=\"font-size: 12pt; line-height: 107%;\">Standardowe czynno\u015bci, kt\u00f3re\u00a0<\/span><\/span><span style=\"font-size: 12pt; color: #242424; font-family: 'Times New Roman', serif;\">wykonujemy w zakresie\u00a0<\/span><span style=\"font-size: 12pt; color: #242424; font-family: 'Times New Roman', serif;\">sprz\u0105tania osiedli mieszkaniowych to :<\/span><\/strong><\/h6><ul><li><h6><span style=\"font-size: 12.0pt; line-height: 107%; font-family: 'Times New Roman',serif; mso-fareast-font-family: 'Times New Roman'; color: #242424; mso-ansi-language: PL; mso-fareast-language: PL; mso-bidi-language: AR-SA;\"><span style=\"font-size: 12pt; line-height: 107%;\">utrzymywanie w czysto\u015bci klatek schodowych, wej\u015b\u0107, korytarzy i ci\u0105g\u00f3w<br \/>komunikacyjnych,<\/span><\/span><\/h6><\/li><li><h6><span style=\"font-size: 12.0pt; line-height: 107%; font-family: 'Times New Roman',serif; mso-fareast-font-family: 'Times New Roman'; color: #242424; mso-ansi-language: PL; mso-fareast-language: PL; mso-bidi-language: AR-SA;\"><span style=\"font-size: 12pt; line-height: 107%;\">czyszczenie drzwi wej\u015bciowych,<\/span><\/span><\/h6><\/li><li><h6><span style=\"font-size: 12.0pt; line-height: 107%; font-family: 'Times New Roman',serif; mso-fareast-font-family: 'Times New Roman'; color: #242424; mso-ansi-language: PL; mso-fareast-language: PL; mso-bidi-language: AR-SA;\"><span style=\"font-size: 12pt; line-height: 107%;\">sprz\u0105tanie i mycie pod\u0142\u00f3g, schod\u00f3w i por\u0119czy,<\/span><\/span><\/h6><\/li><li><h6><span style=\"font-size: 12.0pt; line-height: 107%; font-family: 'Times New Roman',serif; mso-fareast-font-family: 'Times New Roman'; color: #242424; mso-ansi-language: PL; mso-fareast-language: PL; mso-bidi-language: AR-SA;\"><span style=\"font-size: 12pt; line-height: 107%;\">utrzymywanie w czysto\u015bci kabin windowych,<\/span><\/span><\/h6><\/li><li><h6><span style=\"font-size: 12.0pt; line-height: 107%; font-family: 'Times New Roman',serif; mso-fareast-font-family: 'Times New Roman'; color: #242424; mso-ansi-language: PL; mso-fareast-language: PL; mso-bidi-language: AR-SA;\"><span style=\"font-size: 12pt; line-height: 107%;\">mycie okien i przeszkle\u0144,<\/span><\/span><\/h6><\/li><li><h6><span style=\"font-size: 12.0pt; line-height: 107%; font-family: 'Times New Roman',serif; mso-fareast-font-family: 'Times New Roman'; color: #242424; mso-ansi-language: PL; mso-fareast-language: PL; mso-bidi-language: AR-SA;\"><span style=\"font-size: 12pt; line-height: 107%;\">sprz\u0105tanie i zamiatanie chodnik\u00f3w i podw\u00f3rka,<\/span><\/span><\/h6><\/li><li><h6><span style=\"font-size: 12.0pt; line-height: 107%; font-family: 'Times New Roman',serif; mso-fareast-font-family: 'Times New Roman'; color: #242424; mso-ansi-language: PL; mso-fareast-language: PL; mso-bidi-language: AR-SA;\"><span style=\"font-size: 12pt; line-height: 107%;\">czyszczenie gara\u017cy,<\/span><\/span><\/h6><\/li><li><h6><span style=\"font-size: 12.0pt; line-height: 107%; font-family: 'Times New Roman',serif; mso-fareast-font-family: 'Times New Roman'; color: #242424; mso-ansi-language: PL; mso-fareast-language: PL; mso-bidi-language: AR-SA;\"><span style=\"font-size: 12pt; line-height: 107%;\">w okresie zimowym (od\u015bnie\u017canie, sypanie sol\u0105, piaskowanie).<\/span><\/span><\/h6><\/li><\/ul><h6><strong><span style=\"color: #242424; font-family: Times New Roman, serif;\"><span style=\"font-size: 16px;\">Zajmujemy si\u0119 r\u00f3wnie\u017c architektur\u0105 i piel\u0119gnacja zieleni :<\/span><\/span><\/strong><strong><span style=\"color: #242424; font-family: Times New Roman, serif;\"><span style=\"font-size: 16px;\"><br \/><\/span><\/span><\/strong><\/h6><h6><span style=\"color: #242424; font-family: Times New Roman, serif;\"><span style=\"font-size: 16px;\">\u00a0<\/span><\/span><\/h6><ul><li><h6><span style=\"color: #242424; font-family: Times New Roman, serif;\"><span style=\"font-size: 16px;\">nawo\u017cenie,<\/span><\/span><\/h6><\/li><li><h6><span style=\"color: #242424; font-family: Times New Roman, serif;\"><span style=\"font-size: 16px;\">sadzenie,<\/span><\/span><\/h6><\/li><li><h6><span style=\"color: #242424; font-family: Times New Roman, serif;\"><span style=\"font-size: 16px;\">koszenie,<\/span><\/span><\/h6><\/li><li><h6><span style=\"color: #242424; font-family: Times New Roman, serif;\"><span style=\"font-size: 16px;\">przycinanie drzew i krzew\u00f3w,<\/span><\/span><\/h6><\/li><li><h6><span style=\"color: #242424; font-family: Times New Roman, serif;\"><span style=\"font-size: 16px;\">opryski itp.<\/span><\/span><\/h6><\/li><\/ul><h6><span style=\"font-size: 12.0pt; line-height: 107%; font-family: 'Times New Roman',serif; mso-fareast-font-family: 'Times New Roman'; color: #242424; mso-ansi-language: PL; mso-fareast-language: PL; mso-bidi-language: AR-SA;\">\u00a0 \u00a0 \u00a0Nasze wieloletnie do\u015bwiadczenie\u00a0 utrzymania porz\u0105dku oraz\u00a0<br \/>zieleni na terenach osiedli mieszkaniowych, zadowoli najbardziej<br \/>wymagaj\u0105cych klient\u00f3w.<\/span><br \/><span style=\"font-size: 12.0pt; line-height: 107%; font-family: 'Times New Roman',serif; mso-fareast-font-family: 'Times New Roman'; color: #242424; mso-ansi-language: PL; mso-fareast-language: PL; mso-bidi-language: AR-SA;\"><br \/><\/span><\/h6><h6><span style=\"font-size: 12.0pt; line-height: 107%; font-family: 'Times New Roman',serif; mso-fareast-font-family: 'Times New Roman'; color: #242424; mso-ansi-language: PL; mso-fareast-language: PL; mso-bidi-language: AR-SA;\"><span style=\"font-size: 12pt; line-height: 107%;\">\u00a0 \u00a0 Fachowcy firmy Ostoja doczyszcz\u0105 nawet bardzo zaniedbane obiekty. Wykorzystujemy\u00a0<br \/>profesjonalne \u015brodki myj\u0105ce, cz\u0119sto g\u0142\u0119boko penetruj\u0105ce czyszczon\u0105 powierzchni\u0119.<\/span><\/span><br \/><span style=\"font-size: 12.0pt; line-height: 107%; font-family: 'Times New Roman',serif; mso-fareast-font-family: 'Times New Roman'; color: #242424; mso-ansi-language: PL; mso-fareast-language: PL; mso-bidi-language: AR-SA;\"><span style=\"font-size: 12pt; line-height: 107%;\">Miejsca szczeg\u00f3lnie zabrudzone zostan\u0105 doczyszczone maszynami.<\/span><br \/><\/span><span style=\"font-size: 12.0pt; line-height: 107%; font-family: 'Times New Roman',serif; mso-fareast-font-family: 'Times New Roman'; color: #242424; mso-ansi-language: PL; mso-fareast-language: PL; mso-bidi-language: AR-SA;\"><span style=\"font-size: 12pt; line-height: 107%;\"><br \/><\/span><\/span><\/h6><h6><span style=\"font-size: 12.0pt; line-height: 107%; font-family: 'Times New Roman',serif; mso-fareast-font-family: 'Times New Roman'; color: #242424; mso-ansi-language: PL; mso-fareast-language: PL; mso-bidi-language: AR-SA;\"><span style=\"font-size: 12pt; line-height: 107%;\"><span style=\"font-size: 12pt; line-height: 107%;\">Efekt finalny naszej pracy jest\u00a0 zawsze zgodny z oczekiwaniami naszego klienta.<\/span><br \/><\/span><\/span><\/h6><h6>\u00a0<\/h6>\t\t\t\t\t\t<\/div>\n\t\t\t\t<\/div>\n\t\t\t\t\t<\/div>\n\t\t<\/div>\n\t\t\t\t\t\t\t<\/div>\n\t\t<\/section>\n\t\t\t\t\t\t<\/div>\n\t\t\t\t\t<\/div>\n\t\t","protected":false},"excerpt":{"rendered":"<p>DBAMY O TWOJE OTOCZENIE \u00a0 \u00a0 \u00a0 \u00a0 \u00a0 Firma Ostoja to profesjonalna firma z wieloletnim do\u015bwiadczeniem zajmuj\u0105ca si\u0119 kompleksowym utrzymaniem porz\u0105dku na osiedlach oraz wsp\u00f3lnotach mieszkaniowych, zar\u00f3wno wewn\u0105trz\u00a0 jak i na zewn\u0105trz budynku. Standardowe czynno\u015bci, kt\u00f3re\u00a0wykonujemy w zakresie\u00a0sprz\u0105tania osiedli mieszkaniowych to : utrzymywanie w czysto\u015bci klatek schodowych, wej\u015b\u0107, korytarzy i ci\u0105g\u00f3wkomunikacyjnych, czyszczenie drzwi wej\u015bciowych, [&hellip;]<\/p>\n","protected":false},"author":1,"featured_media":0,"parent":0,"menu_order":0,"comment_status":"closed","ping_status":"closed","template":"","meta":{"footnotes":""},"class_list":["post-23","page","type-page","status-publish","hentry"],"_links":{"self":[{"href":"https:\/\/www.ostoja-ostoja.pl\/index.php\/wp-json\/wp\/v2\/pages\/23","targetHints":{"allow":["GET"]}}],"collection":[{"href":"https:\/\/www.ostoja-ostoja.pl\/index.php\/wp-json\/wp\/v2\/pages"}],"about":[{"href":"https:\/\/www.ostoja-ostoja.pl\/index.php\/wp-json\/wp\/v2\/types\/page"}],"author":[{"embeddable":true,"href":"https:\/\/www.ostoja-ostoja.pl\/index.php\/wp-json\/wp\/v2\/users\/1"}],"replies":[{"embeddable":true,"href":"https:\/\/www.ostoja-ostoja.pl\/index.php\/wp-json\/wp\/v2\/comments?post=23"}],"version-history":[{"count":49,"href":"https:\/\/www.ostoja-ostoja.pl\/index.php\/wp-json\/wp\/v2\/pages\/23\/revisions"}],"predecessor-version":[{"id":188,"href":"https:\/\/www.ostoja-ostoja.pl\/index.php\/wp-json\/wp\/v2\/pages\/23\/revisions\/188"}],"wp:attachment":[{"href":"https:\/\/www.ostoja-ostoja.pl\/index.php\/wp-json\/wp\/v2\/media?parent=23"}],"curies":[{"name":"wp","href":"https:\/\/api.w.org\/{rel}","templated":true}]}}